{"id":33,"date":"2018-05-08T16:47:56","date_gmt":"2018-05-08T16:47:56","guid":{"rendered":"http:\/\/www.mountain-addict-diary.com\/?page_id=33"},"modified":"2022-05-09T12:10:23","modified_gmt":"2022-05-09T12:10:23","slug":"about","status":"publish","type":"page","link":"https:\/\/www.mountain-addict-diary.com\/index.php\/about\/","title":{"rendered":"O m\u011b"},"content":{"rendered":"\n<p class=\"has-text-align-center\"> &#8222;The wonderful things in life are the things you do, not the things you have.&#8220; <\/p>\n\n\n\n<p class=\"has-text-align-right\"><em>Reinhold Messner <\/em><\/p>\n\n\n\n<p>Jmenuji se Ver\u010da a jsem zap\u00e1lenou sportovkyn\u00ed a lezkyn\u00ed, a hlavn\u011b velkou milovnic\u00ed hor a turistiky. V b\u0159eznu 2022 jsem \u00fasp\u011b\u0161n\u011b zakon\u010dila studium kurzu horsk\u00e9ho pr\u016fvodce z\u00e1v\u011bre\u010dnou zkou\u0161kou profesn\u00ed kvalifikace. <\/p>\n\n\n\n<p>Moj\u00ed nejv\u011bt\u0161\u00ed horskou l\u00e1skou jsou Julsk\u00e9 Alpy, do kter\u00fdch bych se dok\u00e1zala vracet po\u0159\u00e1d dokola, a Dolomity, ve kter\u00fdch je st\u00e1le co objevovat. I kdy\u017e jsem moment\u00e1ln\u011b maminkou na pln\u00fd \u00favazek, v\u00fdlet\u016f do hor se nevzd\u00e1v\u00e1m a sna\u017e\u00edm se je naopak koncipovat tak, aby z nich m\u011bla pot\u011b\u0161en\u00ed cel\u00e1 rodina. <\/p>\n\n\n\n\n\n<figure class=\"wp-block-image size-large\"><img loading=\"lazy\" decoding=\"async\" width=\"1024\" height=\"683\" src=\"https:\/\/www.mountain-addict-diary.com\/wp-content\/uploads\/2020\/08\/IMG_9820-1024x683.jpg\" alt=\"\" class=\"wp-image-2318\" srcset=\"https:\/\/www.mountain-addict-diary.com\/wp-content\/uploads\/2020\/08\/IMG_9820-1024x683.jpg 1024w, https:\/\/www.mountain-addict-diary.com\/wp-content\/uploads\/2020\/08\/IMG_9820-300x200.jpg 300w, https:\/\/www.mountain-addict-diary.com\/wp-content\/uploads\/2020\/08\/IMG_9820-768x512.jpg 768w, https:\/\/www.mountain-addict-diary.com\/wp-content\/uploads\/2020\/08\/IMG_9820-1536x1024.jpg 1536w, https:\/\/www.mountain-addict-diary.com\/wp-content\/uploads\/2020\/08\/IMG_9820-2048x1365.jpg 2048w\" sizes=\"auto, (max-width: 1024px) 100vw, 1024px\" \/><\/figure>\n","protected":false},"excerpt":{"rendered":"<p>&#8222;The wonderful things in life are the things you do, not the things you have.&#8220; Reinhold Messner Jmenuji se Ver\u010da [&hellip;]<\/p>\n","protected":false},"author":1,"featured_media":842,"parent":0,"menu_order":0,"comment_status":"closed","ping_status":"closed","template":"","meta":{"footnotes":""},"class_list":["post-33","page","type-page","status-publish","has-post-thumbnail","hentry"],"_links":{"self":[{"href":"https:\/\/www.mountain-addict-diary.com\/index.php\/wp-json\/wp\/v2\/pages\/33","targetHints":{"allow":["GET"]}}],"collection":[{"href":"https:\/\/www.mountain-addict-diary.com\/index.php\/wp-json\/wp\/v2\/pages"}],"about":[{"href":"https:\/\/www.mountain-addict-diary.com\/index.php\/wp-json\/wp\/v2\/types\/page"}],"author":[{"embeddable":true,"href":"https:\/\/www.mountain-addict-diary.com\/index.php\/wp-json\/wp\/v2\/users\/1"}],"replies":[{"embeddable":true,"href":"https:\/\/www.mountain-addict-diary.com\/index.php\/wp-json\/wp\/v2\/comments?post=33"}],"version-history":[{"count":5,"href":"https:\/\/www.mountain-addict-diary.com\/index.php\/wp-json\/wp\/v2\/pages\/33\/revisions"}],"predecessor-version":[{"id":3348,"href":"https:\/\/www.mountain-addict-diary.com\/index.php\/wp-json\/wp\/v2\/pages\/33\/revisions\/3348"}],"wp:featuredmedia":[{"embeddable":true,"href":"https:\/\/www.mountain-addict-diary.com\/index.php\/wp-json\/wp\/v2\/media\/842"}],"wp:attachment":[{"href":"https:\/\/www.mountain-addict-diary.com\/index.php\/wp-json\/wp\/v2\/media?parent=33"}],"curies":[{"name":"wp","href":"https:\/\/api.w.org\/{rel}","templated":true}]}}